{"id":1169,"date":"2025-05-22T11:31:34","date_gmt":"2025-05-22T11:31:34","guid":{"rendered":"https:\/\/elevate-invests.com\/?page_id=1169"},"modified":"2025-06-13T05:59:57","modified_gmt":"2025-06-13T05:59:57","slug":"blog","status":"publish","type":"page","link":"https:\/\/elevate-invests.com\/es\/blog\/","title":{"rendered":"Blog"},"content":{"rendered":"<div data-elementor-type=\"wp-page\" data-elementor-id=\"1169\" class=\"elementor elementor-1169\" data-elementor-settings=\"{&quot;element_pack_global_tooltip_width&quot;:{&quot;unit&quot;:&quot;px&quot;,&quot;size&quot;:&quot;&quot;,&quot;sizes&quot;:[]},&quot;element_pack_global_tooltip_width_tablet&quot;:{&quot;unit&quot;:&quot;px&quot;,&quot;size&quot;:&quot;&quot;,&quot;sizes&quot;:[]},&quot;element_pack_global_tooltip_width_mobile&quot;:{&quot;unit&quot;:&quot;px&quot;,&quot;size&quot;:&quot;&quot;,&quot;sizes&quot;:[]},&quot;element_pack_global_tooltip_padding&quot;:{&quot;unit&quot;:&quot;px&quot;,&quot;top&quot;:&quot;&quot;,&quot;right&quot;:&quot;&quot;,&quot;bottom&quot;:&quot;&quot;,&quot;left&quot;:&quot;&quot;,&quot;isLinked&quot;:true},&quot;element_pack_global_tooltip_padding_tablet&quot;:{&quot;unit&quot;:&quot;px&quot;,&quot;top&quot;:&quot;&quot;,&quot;right&quot;:&quot;&quot;,&quot;bottom&quot;:&quot;&quot;,&quot;left&quot;:&quot;&quot;,&quot;isLinked&quot;:true},&quot;element_pack_global_tooltip_padding_mobile&quot;:{&quot;unit&quot;:&quot;px&quot;,&quot;top&quot;:&quot;&quot;,&quot;right&quot;:&quot;&quot;,&quot;bottom&quot;:&quot;&quot;,&quot;left&quot;:&quot;&quot;,&quot;isLinked&quot;:true},&quot;element_pack_global_tooltip_border_radius&quot;:{&quot;unit&quot;:&quot;px&quot;,&quot;top&quot;:&quot;&quot;,&quot;right&quot;:&quot;&quot;,&quot;bottom&quot;:&quot;&quot;,&quot;left&quot;:&quot;&quot;,&quot;isLinked&quot;:true},&quot;element_pack_global_tooltip_border_radius_tablet&quot;:{&quot;unit&quot;:&quot;px&quot;,&quot;top&quot;:&quot;&quot;,&quot;right&quot;:&quot;&quot;,&quot;bottom&quot;:&quot;&quot;,&quot;left&quot;:&quot;&quot;,&quot;isLinked&quot;:true},&quot;element_pack_global_tooltip_border_radius_mobile&quot;:{&quot;unit&quot;:&quot;px&quot;,&quot;top&quot;:&quot;&quot;,&quot;right&quot;:&quot;&quot;,&quot;bottom&quot;:&quot;&quot;,&quot;left&quot;:&quot;&quot;,&quot;isLinked&quot;:true}}\" data-elementor-post-type=\"page\">\n\t\t\t\t<div class=\"elementor-element elementor-element-e1bd3cd e-flex e-con-boxed e-con e-parent\" data-id=\"e1bd3cd\" data-element_type=\"container\" data-settings=\"{&quot;background_background&quot;:&quot;classic&quot;}\">\n\t\t\t\t\t<div class=\"e-con-inner\">\n\t\t\t\t\t<\/div>\n\t\t\t\t<\/div>\n\t\t<div class=\"elementor-element elementor-element-bd44d27 e-flex e-con-boxed e-con e-parent\" data-id=\"bd44d27\" data-element_type=\"container\" data-settings=\"{&quot;background_background&quot;:&quot;classic&quot;}\">\n\t\t\t\t\t<div class=\"e-con-inner\">\n\t\t<div class=\"elementor-element elementor-element-5c4396d e-con-full e-flex e-con e-child\" data-id=\"5c4396d\" data-element_type=\"container\">\n\t\t<div class=\"elementor-element elementor-element-f939192 e-con-full e-flex e-con e-child\" data-id=\"f939192\" data-element_type=\"container\">\n\t\t<div class=\"elementor-element elementor-element-dbcf31b e-con-full e-flex e-con e-child\" data-id=\"dbcf31b\" data-element_type=\"container\">\n\t\t\t\t<div class=\"elementor-element elementor-element-c2666d2 elementor-invisible elementor-widget elementor-widget-heading\" data-id=\"c2666d2\" data-element_type=\"widget\" data-settings=\"{&quot;_animation_delay&quot;:100,&quot;_animation&quot;:&quot;fadeInUp&quot;}\" data-widget_type=\"heading.default\">\n\t\t\t\t<div class=\"elementor-widget-container\">\n\t\t\t\t\t<h2 class=\"elementor-heading-title elementor-size-default\">Tendencias del mercado<\/h2>\t\t\t\t<\/div>\n\t\t\t\t<\/div>\n\t\t\t\t<\/div>\n\t\t<div class=\"elementor-element elementor-element-6162a51 e-con-full e-flex e-con e-child\" data-id=\"6162a51\" data-element_type=\"container\">\n\t\t\t\t<div class=\"elementor-element elementor-element-73e4318 elementor-invisible elementor-widget elementor-widget-text-editor\" data-id=\"73e4318\" data-element_type=\"widget\" data-settings=\"{&quot;_animation_delay&quot;:200,&quot;_animation&quot;:&quot;fadeInUp&quot;}\" data-widget_type=\"text-editor.default\">\n\t\t\t\t<div class=\"elementor-widget-container\">\n\t\t\t\t\t\t\t\t\tMant\u00e9ngase informado con nuestras gu\u00edas e informes de inversi\u00f3n:\t\t\t\t\t\t\t\t<\/div>\n\t\t\t\t<\/div>\n\t\t\t\t<\/div>\n\t\t\t\t<\/div>\n\t\t\t\t<div class=\"elementor-element elementor-element-1e7ab3c no ui-e-apg-classic ui-e-img-anim-zoom elementor-invisible elementor-widget elementor-widget-uicore-advanced-post-grid\" data-id=\"1e7ab3c\" data-element_type=\"widget\" data-settings=\"{&quot;_animation_delay&quot;:300,&quot;_animation&quot;:&quot;fadeInUp&quot;,&quot;masonry&quot;:&quot;no&quot;}\" data-widget_type=\"uicore-advanced-post-grid.default\">\n\t\t\t\t<div class=\"elementor-widget-container\">\n\t\t\t\t\t            <div class=\"ui-e-adv-grid\">\n                \n                <div class=\"ui-e-post-item ui-e-item ui-e-animations-wrp\">\n\n                    <article class=\"post-2073 post type-post status-publish format-standard hentry category-uncategorized\">\n                        <div class=\"ui-e-post-top\">\n                                                                                <\/div>\n                        <div class=\"ui-e-post-content\">\n                            <div class=\"ui-e-post-meta ui-e-before_title\"><div class=\"ui-e-meta-item\">4 de diciembre de 2025<\/div><\/div>                                    <a href=\"https:\/\/elevate-invests.com\/es\/2072-2\/\" title=\"Ver mensaje:2072\">\n            <h4 class=\"ui-e-post-title\">\n                <span> 2072 <\/span>\n            <\/h4>\n        <\/a>\n                                                                                                                            <a href=\"https:\/\/elevate-invests.com\/es\/2072-2\/\" class=\"elementor-button-link elementor-button ui-e-readmore\" role=\"button\">\n            <span class=\"elementor-button-content-wrapper\"><span class=\"elementor-button-text\">Seguir leyendo<\/span> <\/span>        <\/a>\n                                <\/div>\n                    <\/article>\n\n                <\/div>\n\n                \n                <div class=\"ui-e-post-item ui-e-item ui-e-animations-wrp\">\n\n                    <article class=\"post-1309 post type-post status-publish format-standard has-post-thumbnail hentry category-articles\">\n                        <div class=\"ui-e-post-top\">\n                                    <a class=\"ui-e-post-img-wrapp\"\n            href=\"https:\/\/elevate-invests.com\/es\/uae-real-estate-a-global-investment-destination\/\"\n            title=\"View Post:Bienes inmuebles en los EAU: un destino de inversi\u00f3n global\">\n\n                            <div class=\"ui-e-post-img\" style=\"background-image:url(https:\/\/elevate-invests.com\/wp-content\/uploads\/2025\/05\/7596-768x512.webp)\"><\/div>\n                    <\/a>\n                                                        <\/div>\n                        <div class=\"ui-e-post-content\">\n                            <div class=\"ui-e-post-meta ui-e-before_title\"><div class=\"ui-e-meta-item\">22 de mayo de 2025<\/div><\/div>                                    <a href=\"https:\/\/elevate-invests.com\/es\/uae-real-estate-a-global-investment-destination\/\" title=\"View Post:Bienes inmuebles en los EAU: un destino de inversi\u00f3n global\">\n            <h4 class=\"ui-e-post-title\">\n                <span> Bienes inmuebles en los EAU: un destino de inversi\u00f3n global <\/span>\n            <\/h4>\n        <\/a>\n                                                                                                                            <a href=\"https:\/\/elevate-invests.com\/es\/uae-real-estate-a-global-investment-destination\/\" class=\"elementor-button-link elementor-button ui-e-readmore\" role=\"button\">\n            <span class=\"elementor-button-content-wrapper\"><span class=\"elementor-button-text\">Seguir leyendo<\/span> <\/span>        <\/a>\n                                <\/div>\n                    <\/article>\n\n                <\/div>\n\n                \n                <div class=\"ui-e-post-item ui-e-item ui-e-animations-wrp\">\n\n                    <article class=\"post-1304 post type-post status-publish format-standard has-post-thumbnail hentry category-articles category-uncategorized\">\n                        <div class=\"ui-e-post-top\">\n                                    <a class=\"ui-e-post-img-wrapp\"\n            href=\"https:\/\/elevate-invests.com\/es\/portugals-property-market-lifestyle-meets-opportunity\/\"\n            title=\"View Post:El mercado inmobiliario portugu\u00e9s: estilo de vida y oportunidades\">\n\n                            <div class=\"ui-e-post-img\" style=\"background-image:url(https:\/\/elevate-invests.com\/wp-content\/uploads\/2025\/05\/3550-768x512.webp)\"><\/div>\n                    <\/a>\n                                                        <\/div>\n                        <div class=\"ui-e-post-content\">\n                            <div class=\"ui-e-post-meta ui-e-before_title\"><div class=\"ui-e-meta-item\">22 de mayo de 2025<\/div><\/div>                                    <a href=\"https:\/\/elevate-invests.com\/es\/portugals-property-market-lifestyle-meets-opportunity\/\" title=\"View Post:El mercado inmobiliario portugu\u00e9s: estilo de vida y oportunidades\">\n            <h4 class=\"ui-e-post-title\">\n                <span> El mercado inmobiliario portugu\u00e9s: estilo de vida y oportunidades <\/span>\n            <\/h4>\n        <\/a>\n                                                                                                                            <a href=\"https:\/\/elevate-invests.com\/es\/portugals-property-market-lifestyle-meets-opportunity\/\" class=\"elementor-button-link elementor-button ui-e-readmore\" role=\"button\">\n            <span class=\"elementor-button-content-wrapper\"><span class=\"elementor-button-text\">Seguir leyendo<\/span> <\/span>        <\/a>\n                                <\/div>\n                    <\/article>\n\n                <\/div>\n\n                \n                <div class=\"ui-e-post-item ui-e-item ui-e-animations-wrp\">\n\n                    <article class=\"post-1288 post type-post status-publish format-standard has-post-thumbnail hentry category-articles category-uncategorized\">\n                        <div class=\"ui-e-post-top\">\n                                    <a class=\"ui-e-post-img-wrapp\"\n            href=\"https:\/\/elevate-invests.com\/es\/discover-the-power-of-investing-in-portugal-and-the-uae\/\"\n            title=\"View Post:Descubra el poder de invertir en Portugal y los EAU\">\n\n                            <div class=\"ui-e-post-img\" style=\"background-image:url(https:\/\/elevate-invests.com\/wp-content\/uploads\/2025\/05\/11582-768x512.webp)\"><\/div>\n                    <\/a>\n                                                        <\/div>\n                        <div class=\"ui-e-post-content\">\n                            <div class=\"ui-e-post-meta ui-e-before_title\"><div class=\"ui-e-meta-item\">22 de mayo de 2025<\/div><\/div>                                    <a href=\"https:\/\/elevate-invests.com\/es\/discover-the-power-of-investing-in-portugal-and-the-uae\/\" title=\"View Post:Descubra el poder de invertir en Portugal y los EAU\">\n            <h4 class=\"ui-e-post-title\">\n                <span> Descubra el poder de invertir en Portugal y los EAU <\/span>\n            <\/h4>\n        <\/a>\n                                                                                                                            <a href=\"https:\/\/elevate-invests.com\/es\/discover-the-power-of-investing-in-portugal-and-the-uae\/\" class=\"elementor-button-link elementor-button ui-e-readmore\" role=\"button\">\n            <span class=\"elementor-button-content-wrapper\"><span class=\"elementor-button-text\">Seguir leyendo<\/span> <\/span>        <\/a>\n                                <\/div>\n                    <\/article>\n\n                <\/div>\n\n                            <\/div>\n\t\t\t\t<\/div>\n\t\t\t\t<\/div>\n\t\t\t\t<\/div>\n\t\t\t\t\t<\/div>\n\t\t\t\t<\/div>\n\t\t<div class=\"elementor-element elementor-element-497bf96 e-flex e-con-boxed e-con e-parent\" data-id=\"497bf96\" data-element_type=\"container\" data-settings=\"{&quot;background_background&quot;:&quot;classic&quot;}\">\n\t\t\t\t\t<div class=\"e-con-inner\">\n\t\t<div class=\"elementor-element elementor-element-0ab36a1 e-con-full e-flex elementor-invisible e-con e-child\" data-id=\"0ab36a1\" data-element_type=\"container\" data-settings=\"{&quot;background_background&quot;:&quot;classic&quot;,&quot;animation&quot;:&quot;zoomOutUp&quot;}\">\n\t\t\t\t<div class=\"elementor-element elementor-element-4167320 elementor-invisible elementor-widget elementor-widget-heading\" data-id=\"4167320\" data-element_type=\"widget\" data-settings=\"{&quot;_animation&quot;:&quot;fadeInUp&quot;,&quot;_animation_delay&quot;:300}\" data-widget_type=\"heading.default\">\n\t\t\t\t<div class=\"elementor-widget-container\">\n\t\t\t\t\t<h2 class=\"elementor-heading-title elementor-size-default\">Suscr\u00edbase a nuestro bolet\u00edn<\/h2>\t\t\t\t<\/div>\n\t\t\t\t<\/div>\n\t\t\t\t<div class=\"elementor-element elementor-element-256428d elementor-invisible elementor-widget elementor-widget-text-editor\" data-id=\"256428d\" data-element_type=\"widget\" data-settings=\"{&quot;_animation&quot;:&quot;fadeInUp&quot;,&quot;_animation_delay&quot;:350}\" data-widget_type=\"text-editor.default\">\n\t\t\t\t<div class=\"elementor-widget-container\">\n\t\t\t\t\t\t\t\t\t<p>Mant\u00e9ngase a la cabeza del mercado con actualizaciones exclusivas, lanzamientos inmobiliarios y estrategias de inversi\u00f3n.<\/p>\t\t\t\t\t\t\t\t<\/div>\n\t\t\t\t<\/div>\n\t\t\t\t<div class=\"elementor-element elementor-element-4f28cc5 elementor-widget__width-initial elementor-button-align-stretch elementor-widget elementor-widget-form\" data-id=\"4f28cc5\" data-element_type=\"widget\" data-settings=\"{&quot;button_width&quot;:&quot;30&quot;,&quot;step_next_label&quot;:&quot;Next&quot;,&quot;step_previous_label&quot;:&quot;Previous&quot;,&quot;step_type&quot;:&quot;number_text&quot;,&quot;step_icon_shape&quot;:&quot;circle&quot;}\" data-widget_type=\"form.default\">\n\t\t\t\t<div class=\"elementor-widget-container\">\n\t\t\t\t\t\t\t<form class=\"elementor-form\" method=\"post\" name=\"New Form\" aria-label=\"Nuevo formulario\" action=\"\">\n\t\t\t<input type=\"hidden\" name=\"post_id\" value=\"1169\"\/>\n\t\t\t<input type=\"hidden\" name=\"form_id\" value=\"4f28cc5\"\/>\n\t\t\t<input type=\"hidden\" name=\"referer_title\" value=\"Blog\" \/>\n\n\t\t\t\t\t\t\t<input type=\"hidden\" name=\"queried_id\" value=\"1169\"\/>\n\t\t\t\n\t\t\t<div class=\"elementor-form-fields-wrapper elementor-labels-\">\n\t\t\t\t\t\t\t\t<div class=\"elementor-field-type-email elementor-field-group elementor-column elementor-field-group-email elementor-col-70 elementor-field-required\">\n\t\t\t\t\t\t\t\t\t\t\t\t<label for=\"form-field-email\" class=\"elementor-field-label elementor-screen-only\">\n\t\t\t\t\t\t\t\tCorreo electr\u00f3nico\t\t\t\t\t\t\t<\/label>\n\t\t\t\t\t\t\t\t\t\t\t\t\t\t<input size=\"1\" type=\"email\" name=\"form_fields[email]\" id=\"form-field-email\" class=\"elementor-field elementor-size-md  elementor-field-textual\" placeholder=\"Correo electr\u00f3nico\" required=\"required\">\n\t\t\t\t\t\t\t\t\t\t\t<\/div>\n\t\t\t\t\t\t\t\t<div class=\"elementor-field-group elementor-column elementor-field-type-submit elementor-col-30 e-form__buttons\">\n\t\t\t\t\t<button class=\"elementor-button elementor-size-sm\" type=\"submit\">\n\t\t\t\t\t\t<span class=\"elementor-button-content-wrapper\">\n\t\t\t\t\t\t\t\t\t\t\t\t\t\t\t\t\t\t\t\t\t\t<span class=\"elementor-button-text\">Suscr\u00edbase a<\/span>\n\t\t\t\t\t\t\t\t\t\t\t\t\t<\/span>\n\t\t\t\t\t<\/button>\n\t\t\t\t<\/div>\n\t\t\t<\/div>\n\t\t<input type=\"hidden\" name=\"trp-form-language\" value=\"es\"\/><\/form>\n\t\t\t\t\t\t<\/div>\n\t\t\t\t<\/div>\n\t\t\t\t<\/div>\n\t\t\t\t\t<\/div>\n\t\t\t\t<\/div>\n\t\t\t\t<\/div>","protected":false},"excerpt":{"rendered":"<p>Tendencias e informaci\u00f3n del mercado Mant\u00e9ngase informado con nuestras gu\u00edas e informes de inversi\u00f3n: May 22, 2025 Inmuebles en los EAU - Un [...]<\/p>","protected":false},"author":1,"featured_media":354,"parent":0,"menu_order":0,"comment_status":"closed","ping_status":"closed","template":"elementor_header_footer","meta":{"_seopress_robots_primary_cat":"","_seopress_titles_title":"","_seopress_titles_desc":"Stay ahead in real estate with curated guides on UAE & Portugal markets. Subscribe for exclusive updates and smart investment strategies!","_seopress_robots_index":"","_uicore_block_fonts":"","footnotes":""},"class_list":["post-1169","page","type-page","status-publish","has-post-thumbnail","hentry"],"_links":{"self":[{"href":"https:\/\/elevate-invests.com\/es\/wp-json\/wp\/v2\/pages\/1169","targetHints":{"allow":["GET"]}}],"collection":[{"href":"https:\/\/elevate-invests.com\/es\/wp-json\/wp\/v2\/pages"}],"about":[{"href":"https:\/\/elevate-invests.com\/es\/wp-json\/wp\/v2\/types\/page"}],"author":[{"embeddable":true,"href":"https:\/\/elevate-invests.com\/es\/wp-json\/wp\/v2\/users\/1"}],"replies":[{"embeddable":true,"href":"https:\/\/elevate-invests.com\/es\/wp-json\/wp\/v2\/comments?post=1169"}],"version-history":[{"count":1,"href":"https:\/\/elevate-invests.com\/es\/wp-json\/wp\/v2\/pages\/1169\/revisions"}],"predecessor-version":[{"id":1524,"href":"https:\/\/elevate-invests.com\/es\/wp-json\/wp\/v2\/pages\/1169\/revisions\/1524"}],"wp:featuredmedia":[{"embeddable":true,"href":"https:\/\/elevate-invests.com\/es\/wp-json\/wp\/v2\/media\/354"}],"wp:attachment":[{"href":"https:\/\/elevate-invests.com\/es\/wp-json\/wp\/v2\/media?parent=1169"}],"curies":[{"name":"wp","href":"https:\/\/api.w.org\/{rel}","templated":true}]}}